{"id":37,"date":"2020-09-24T18:49:16","date_gmt":"2020-09-24T15:49:16","guid":{"rendered":"http:\/\/elcentinelaformosa.com\/?page_id=37"},"modified":"2020-09-24T18:49:16","modified_gmt":"2020-09-24T15:49:16","slug":"declaracion-universal-de-los-derechos-de-los-animales","status":"publish","type":"page","link":"https:\/\/elcentinelaformosa.com\/index.php\/declaracion-universal-de-los-derechos-de-los-animales\/","title":{"rendered":"DECLARACI\u00d3N UNIVERSAL DE LOS DERECHOS DE LOS ANIMALES"},"content":{"rendered":"<p>Considerando que todo animal posee derechos y que el desconocimiento y desprecio de dichos derechos han conducido y siguen conduciendo al hombre a cometer cr\u00edmenes contra la naturaleza y los animales, se proclama lo siguiente:<\/p>\n<p>Art\u00edculo No. 1<\/p>\n<p>Todos los animales nacen iguales ante la vida y tienen los mismos derechos a la existencia.<\/p>\n<p>Art\u00edculo No. 2<\/p>\n<p>a) Todo animal tiene derecho al respeto.<\/p>\n<p>b) El hombre, como especie animal, no puede atribuirse el derecho de exterminar a los otros animales o de explotarlos, violando ese derecho. Tiene la obligaci\u00f3n de poner sus conocimientos al servicio de los animales.<\/p>\n<p>c) Todos los animales tienen derecho a la atenci\u00f3n, a los cuidados y a la protecci\u00f3n del hombre.<\/p>\n<p>Art\u00edculo No. 3 a) Ning\u00fan animal ser\u00e1 sometido a malos tratos ni a actos crueles.<\/p>\n<p>b) Si es necesaria la muerte de un animal, \u00e9sta debe ser instant\u00e1nea, indolora y no generadora de angustia.<\/p>\n<p>Art\u00edculo No. 4<\/p>\n<p>a) Todo animal perteneciente a una especie salvaje tiene derecho a vivir libre en su propio ambiente natural, terrestre, a\u00e9reo o acu\u00e1tico y a reproducirse.<\/p>\n<p>b) Toda privaci\u00f3n de libertad, incluso aquella que tenga fines educativos, es contraria a este derecho.<\/p>\n<p>Art\u00edculo No. 5<\/p>\n<p>a) Todo animal perteneciente a una especie que viva tradicionalmente en el entorno del hombre tiene derecho a vivir y crecer al ritmo y en las condiciones de vida y de libertad que sean propias de su especie.<\/p>\n<p>b) Toda modificaci\u00f3n de dicho ritmo o dichas condiciones que fuera impuesta por el hombre con fines mercantiles es contraria a dicho derecho.<\/p>\n<p>Art\u00edculo No. 6<\/p>\n<p>a) Todo animal que el hombre haya escogido como compa\u00f1ero tiene derecho a que la duraci\u00f3n de su vida sea conforme a su longevidad natural.<\/p>\n<p>b) El abandono de un animal es un acto cruel y degradante.<\/p>\n<p>Art\u00edculo No. 7<\/p>\n<p>Todo animal de trabajo tiene derecho a una limitaci\u00f3n razonable del tiempo e intensidad del trabajo, a una alimentaci\u00f3n reparadora y al reposo.<\/p>\n<p>Art\u00edculo No. 8<\/p>\n<p>a) La experimentaci\u00f3n animal que implique un sufrimiento f\u00edsico o psicol\u00f3gico es incompatible con los derechos del animal, tanto si se trata de experimentos m\u00e9dicos, cient\u00edficos, comerciales, como de otra forma de experimentaci\u00f3n.<\/p>\n<p>b) Las t\u00e9cnicas alternativas deben ser utilizadas y desarrolladas.<\/p>\n<p>Art\u00edculo No. 9<\/p>\n<p>Cuando un animal es criado para la alimentaci\u00f3n debe ser nutrido, instalado y transportado, as\u00ed como sacrificado, sin que ello resulte para \u00e9l motivo de ansiedad o dolor.<\/p>\n<p>Art\u00edculo No. 10<\/p>\n<p>a) Ning\u00fan animal debe ser explotado para esparcimiento del hombre.<\/p>\n<p>b) Las exhibiciones de animales y los espect\u00e1culos que se sirvan de animales son incompatibles con la dignidad del animal.<\/p>\n<p>Art\u00edculo No. 11<\/p>\n<p>Todo acto que implique la muerte de un animal sin necesidad es un biocidio, es decir, un crimen contra la vida.<\/p>\n<p>Art\u00edculo No. 12<\/p>\n<p>a) Todo acto que implique la muerte de un gran n\u00famero de animales salvajes es un genocidio, es decir, un crimen contra la especie.<\/p>\n<p>b) La contaminaci\u00f3n y la destrucci\u00f3n del ambiente natural conducen al genocidio.<\/p>\n<p>Art\u00edculo No. 13<\/p>\n<p>a) Un animal muerto debe ser tratado con respeto.<\/p>\n<p>b) Las escenas de violencia, en las cuales los animales son v\u00edctimas, deben ser prohibidas en el cine y en la televisi\u00f3n, salvo si ellas tienen como fin dar muestra de los atentados contra los derechos del animal.<\/p>\n<p>Art\u00edculo No. 14<\/p>\n<p>a) Los organismos de protecci\u00f3n y salvaguarda de los animales deben ser representados a nivel gubernamental.<\/p>\n<p>b) Los derechos del animal deben ser defendidos por la ley, como lo son los derechos del hombre.<\/p>\n","protected":false},"excerpt":{"rendered":"<p>Considerando que todo animal posee derechos y que el desconocimiento y desprecio de dichos derechos han conducido y siguen conduciendo al hombre a cometer cr\u00edmenes contra la naturaleza y los animales, se proclama lo siguiente: Art\u00edculo No. 1 Todos los animales nacen iguales ante la vida y tienen los mismos derechos a la existencia. Art\u00edculo&#8230; <a href=\"https:\/\/elcentinelaformosa.com\/index.php\/declaracion-universal-de-los-derechos-de-los-animales\/\">Read more: DECLARACI\u00d3N UNIVERSAL DE LOS DERECHOS DE LOS ANIMALES<\/a><\/p>\n","protected":false},"author":1,"featured_media":0,"parent":0,"menu_order":0,"comment_status":"closed","ping_status":"closed","template":"","meta":{"rop_custom_images_group":[],"rop_custom_messages_group":[],"rop_publish_now":"initial","rop_publish_now_accounts":{"twitter_815903348_815903348":""},"rop_publish_now_history":[],"rop_publish_now_status":"pending","h5ap_radio_sources":[],"footnotes":""},"class_list":["post-37","page","type-page","status-publish","hentry"],"aioseo_notices":[],"_hostinger_reach_plugin_has_subscription_block":false,"_hostinger_reach_plugin_is_elementor":false,"jetpack-related-posts":[],"jetpack_sharing_enabled":true,"jetpack_likes_enabled":true,"_links":{"self":[{"href":"https:\/\/elcentinelaformosa.com\/index.php\/wp-json\/wp\/v2\/pages\/37","targetHints":{"allow":["GET"]}}],"collection":[{"href":"https:\/\/elcentinelaformosa.com\/index.php\/wp-json\/wp\/v2\/pages"}],"about":[{"href":"https:\/\/elcentinelaformosa.com\/index.php\/wp-json\/wp\/v2\/types\/page"}],"author":[{"embeddable":true,"href":"https:\/\/elcentinelaformosa.com\/index.php\/wp-json\/wp\/v2\/users\/1"}],"replies":[{"embeddable":true,"href":"https:\/\/elcentinelaformosa.com\/index.php\/wp-json\/wp\/v2\/comments?post=37"}],"version-history":[{"count":1,"href":"https:\/\/elcentinelaformosa.com\/index.php\/wp-json\/wp\/v2\/pages\/37\/revisions"}],"predecessor-version":[{"id":38,"href":"https:\/\/elcentinelaformosa.com\/index.php\/wp-json\/wp\/v2\/pages\/37\/revisions\/38"}],"wp:attachment":[{"href":"https:\/\/elcentinelaformosa.com\/index.php\/wp-json\/wp\/v2\/media?parent=37"}],"curies":[{"name":"wp","href":"https:\/\/api.w.org\/{rel}","templated":true}]}}